{"id":8,"date":"2022-07-26T15:12:34","date_gmt":"2022-07-26T15:12:34","guid":{"rendered":"http:\/\/www.dergi.telakki.org\/?page_id=8"},"modified":"2025-10-11T14:06:18","modified_gmt":"2025-10-11T14:06:18","slug":"amac-ve-kapsam","status":"publish","type":"page","link":"https:\/\/www.dergi.telakki.org\/en\/amac-ve-kapsam\/","title":{"rendered":"Ama\u00e7 ve Kapsam"},"content":{"rendered":"<p class=\"has-text-align-center\"><strong>AMA\u00c7 VE KAPSAM<\/strong><\/p>\n\n\n\n<p><strong>Tel\u00e2kki Sosyal Bilimler Dergisi<\/strong>, sosyal bilimler alan\u0131nda \u00f6zg\u00fcn, bilimsel ve etik ilkelere uygun \u00e7al\u0131\u015fmalar yay\u0131mlamay\u0131 ama\u00e7layan hakemli, akademik bir dergidir.<\/p>\n\n\n\n<p>Dergi, a\u015fa\u011f\u0131da belirtilen disiplinlerde \u00fcretilmi\u015f bilimsel ara\u015ft\u0131rma makalelerine yer verir:<br><strong>Sosyoloji, Tarih, Siyaset Bilimi, Felsefe, \u0130ktisat, Uluslararas\u0131 \u0130li\u015fkiler, Edebiyat, Psikoloji, \u0130leti\u015fim, Hukuk<\/strong>,<strong> Antropoloji ve E\u011fitim Bilimleri<\/strong> ba\u015fta olmak \u00fczere sosyal bilimlerin t\u00fcm alanlar\u0131nda haz\u0131rlanm\u0131\u015f akademik \u00e7al\u0131\u015fmalara a\u00e7\u0131kt\u0131r.<\/p>\n\n\n\n<p>Tel\u00e2kki Sosyal Bilimler Dergisi, <strong>birincil kaynaklara dayal\u0131 ara\u015ft\u0131rmalar\u0131<\/strong> ve <strong>alan\u0131nda \u00f6zg\u00fcn katk\u0131 sa\u011flayan nitelikli makaleleri<\/strong> \u00f6ncelikli olarak de\u011ferlendirir.<\/p>\n\n\n\n<h2 class=\"wp-block-heading\"><strong>Yay\u0131m Kapsam\u0131<\/strong><\/h2>\n\n\n\n<p>Dergide yaln\u0131zca ara\u015ft\u0131rma makaleleri de\u011fil;<\/p>\n\n\n\n<ul class=\"wp-block-list\">\n<li>ilgili alanlarda haz\u0131rlanm\u0131\u015f <strong>kitap incelemeleri<\/strong>,<\/li>\n\n\n\n<li><strong>\u00e7eviri yaz\u0131lar<\/strong> (telif hakk\u0131 bulunmayan ya da yazar ve yay\u0131nevinden izin al\u0131nm\u0131\u015f olanlar),<\/li>\n\n\n\n<li><strong>bibliyografya \u00e7al\u0131\u015fmalar\u0131<\/strong><br>da yay\u0131mlanabilir.<\/li>\n<\/ul>\n\n\n\n<h2 class=\"wp-block-heading\"><strong>Yay\u0131m Dili ve Yay\u0131m \u0130lkeleri<\/strong><\/h2>\n\n\n\n<p><strong>Tel\u00e2kki Sosyal Bilimler Dergisi\u2019nin yay\u0131m dili T\u00fcrk\u00e7e ve \u0130ngilizce\u2019dir.<\/strong><\/p>\n\n\n\n<p>Dergiye g\u00f6nderilen ara\u015ft\u0131rma yaz\u0131lar\u0131n\u0131n <strong>daha \u00f6nce herhangi bir yay\u0131n organ\u0131nda yay\u0131mlanmam\u0131\u015f<\/strong> olmas\u0131 gerekir.<br>Bilimsel toplant\u0131larda sunulmu\u015f bildiriler, bu durumun belirtilmesi ko\u015fuluyla de\u011ferlendirilebilir.<\/p>\n\n\n\n<p>\u0130lk yay\u0131mland\u0131\u011f\u0131 tarihten itibaren <strong>en az 25 y\u0131l ge\u00e7mi\u015f olan<\/strong> ve <strong>\u00f6nem ile etki bak\u0131m\u0131ndan klasik nitelik ta\u015f\u0131yan metinler veya \u00e7eviriler<\/strong>, daha \u00f6nce yay\u0131mlanmam\u0131\u015f olma kural\u0131n\u0131n istisnas\u0131 olarak kabul edilebilir.<\/p>\n\n\n\n<p><\/p>\n\n\n\n<p><\/p>\n\n\n\n<p><\/p>","protected":false},"excerpt":{"rendered":"<p>AMA\u00c7 VE KAPSAM Tel\u00e2kki Sosyal Bilimler Dergisi, sosyal bilimler alan\u0131nda \u00f6zg\u00fcn, bilimsel ve etik ilkelere uygun \u00e7al\u0131\u015fmalar yay\u0131mlamay\u0131 ama\u00e7layan hakemli, akademik bir dergidir. Dergi, a\u015fa\u011f\u0131da belirtilen disiplinlerde \u00fcretilmi\u015f bilimsel ara\u015ft\u0131rma makalelerine yer verir:Sosyoloji, Tarih, Siyaset Bilimi, Felsefe, \u0130ktisat, Uluslararas\u0131 \u0130li\u015fkiler, Edebiyat, Psikoloji, \u0130leti\u015fim, Hukuk, Antropoloji ve E\u011fitim Bilimleri ba\u015fta olmak \u00fczere sosyal bilimlerin t\u00fcm alanlar\u0131nda&#8230;<\/p>","protected":false},"author":1,"featured_media":0,"parent":0,"menu_order":0,"comment_status":"closed","ping_status":"closed","template":"","meta":{"_kad_post_transparent":"","_kad_post_title":"","_kad_post_layout":"","_kad_post_sidebar_id":"","_kad_post_content_style":"","_kad_post_vertical_padding":"","_kad_post_feature":"","_kad_post_feature_position":"","_kad_post_header":false,"_kad_post_footer":false,"footnotes":""},"class_list":["post-8","page","type-page","status-publish","hentry"],"_links":{"self":[{"href":"https:\/\/www.dergi.telakki.org\/en\/wp-json\/wp\/v2\/pages\/8","targetHints":{"allow":["GET"]}}],"collection":[{"href":"https:\/\/www.dergi.telakki.org\/en\/wp-json\/wp\/v2\/pages"}],"about":[{"href":"https:\/\/www.dergi.telakki.org\/en\/wp-json\/wp\/v2\/types\/page"}],"author":[{"embeddable":true,"href":"https:\/\/www.dergi.telakki.org\/en\/wp-json\/wp\/v2\/users\/1"}],"replies":[{"embeddable":true,"href":"https:\/\/www.dergi.telakki.org\/en\/wp-json\/wp\/v2\/comments?post=8"}],"version-history":[{"count":4,"href":"https:\/\/www.dergi.telakki.org\/en\/wp-json\/wp\/v2\/pages\/8\/revisions"}],"predecessor-version":[{"id":148,"href":"https:\/\/www.dergi.telakki.org\/en\/wp-json\/wp\/v2\/pages\/8\/revisions\/148"}],"wp:attachment":[{"href":"https:\/\/www.dergi.telakki.org\/en\/wp-json\/wp\/v2\/media?parent=8"}],"curies":[{"name":"wp","href":"https:\/\/api.w.org\/{rel}","templated":true}]}}