{"id":47,"date":"2022-07-27T10:24:57","date_gmt":"2022-07-27T10:24:57","guid":{"rendered":"http:\/\/www.dergi.telakki.org\/?page_id=47"},"modified":"2025-10-07T21:01:11","modified_gmt":"2025-10-07T21:01:11","slug":"anasayfa","status":"publish","type":"page","link":"https:\/\/www.dergi.telakki.org\/en\/","title":{"rendered":"Anasayfa"},"content":{"rendered":"<style>.kb-row-layout-id47_a7f73f-37 > .kt-row-column-wrap{align-content:start;}:where(.kb-row-layout-id47_a7f73f-37 > .kt-row-column-wrap) > .wp-block-kadence-column{justify-content:start;}.kb-row-layout-id47_a7f73f-37 > .kt-row-column-wrap{column-gap:var(--global-kb-gap-lg, 4rem);row-gap:var(--global-kb-gap-lg, 4rem);padding-top:var(--global-kb-spacing-sm, 1.5rem);padding-bottom:var(--global-kb-spacing-sm, 1.5rem);grid-template-columns:repeat(3, minmax(0, 1fr));}.kb-row-layout-id47_a7f73f-37 > .kt-row-layout-overlay{opacity:0.30;}@media all and (max-width: 1024px){.kb-row-layout-id47_a7f73f-37 > .kt-row-column-wrap{grid-template-columns:repeat(3, minmax(0, 1fr));}}@media all and (max-width: 767px){.kb-row-layout-id47_a7f73f-37 > .kt-row-column-wrap{grid-template-columns:minmax(0, 1fr);}}<\/style><div class=\"kb-row-layout-wrap kb-row-layout-id47_a7f73f-37 alignnone wp-block-kadence-rowlayout\"><div class=\"kt-row-column-wrap kt-has-6-columns kt-row-layout-three-grid kt-tab-layout-inherit kt-mobile-layout-row kt-row-valign-top\">\n<style>.kadence-column47_730b4f-c1 > .kt-inside-inner-col,.kadence-column47_730b4f-c1 > .kt-inside-inner-col:before{border-top-left-radius:0px;border-top-right-radius:0px;border-bottom-right-radius:0px;border-bottom-left-radius:0px;}.kadence-column47_730b4f-c1 > .kt-inside-inner-col{column-gap:var(--global-kb-gap-sm, 1rem);}.kadence-column47_730b4f-c1 > .kt-inside-inner-col{flex-direction:column;}.kadence-column47_730b4f-c1 > .kt-inside-inner-col > .aligncenter{width:100%;}.kadence-column47_730b4f-c1 > .kt-inside-inner-col:before{opacity:0.3;}.kadence-column47_730b4f-c1{position:relative;}@media all and (max-width: 1024px){.kadence-column47_730b4f-c1 > .kt-inside-inner-col{flex-direction:column;justify-content:center;}}@media all and (max-width: 767px){.kadence-column47_730b4f-c1 > .kt-inside-inner-col{flex-direction:column;justify-content:center;}}<\/style>\n<div class=\"wp-block-kadence-column kadence-column47_730b4f-c1\"><div class=\"kt-inside-inner-col\"><div class=\"wp-block-image\">\n<figure class=\"aligncenter size-full\"><img loading=\"lazy\" decoding=\"async\" width=\"1016\" height=\"1424\" src=\"http:\/\/www.dergi.telakki.org\/wp-content\/uploads\/2025\/10\/WhatsApp-Image-2025-10-07-at-21.04.04.jpeg\" alt=\"\" class=\"wp-image-89\"\/><\/figure>\n<\/div>\n\n\n<h2 class=\"wp-block-heading has-text-align-center\">Yaz 2025. Say\u0131 6, Cilt 4<\/h2>\n\n\n\n<div class=\"wp-block-buttons is-content-justification-center is-layout-flex wp-container-core-buttons-is-layout-16018d1d wp-block-buttons-is-layout-flex\">\n<div class=\"wp-block-button\"><a class=\"wp-block-button__link wp-element-button\" href=\"http:\/\/www.dergi.telakki.org\/wp-content\/uploads\/2025\/10\/Telakki-Dergisi-Agustos-2025-Sayi-6-Butun-Dosya-1.pdf\">PDF \u0130ND\u0130R<\/a><\/div>\n<\/div>\n\n\n\n<div class=\"wp-block-buttons is-content-justification-center is-layout-flex wp-container-core-buttons-is-layout-16018d1d wp-block-buttons-is-layout-flex\">\n<div class=\"wp-block-button\"><a class=\"wp-block-button__link wp-element-button\" href=\"https:\/\/dergipark.org.tr\/tr\/pub\/telakkisbd\/issue\/94462\">DERG\u0130PARK&#8217;TA G\u00d6R\u00dcNT\u00dcLE<\/a><\/div>\n<\/div>\n<\/div><\/div>\n\n\n<style>.kadence-column47_8abb3b-f9 > .kt-inside-inner-col,.kadence-column47_8abb3b-f9 > .kt-inside-inner-col:before{border-top-left-radius:0px;border-top-right-radius:0px;border-bottom-right-radius:0px;border-bottom-left-radius:0px;}.kadence-column47_8abb3b-f9 > .kt-inside-inner-col{column-gap:var(--global-kb-gap-sm, 1rem);}.kadence-column47_8abb3b-f9 > .kt-inside-inner-col{flex-direction:column;}.kadence-column47_8abb3b-f9 > .kt-inside-inner-col > .aligncenter{width:100%;}.kadence-column47_8abb3b-f9 > .kt-inside-inner-col:before{opacity:0.3;}.kadence-column47_8abb3b-f9{position:relative;}@media all and (max-width: 1024px){.kadence-column47_8abb3b-f9 > .kt-inside-inner-col{flex-direction:column;justify-content:center;}}@media all and (max-width: 767px){.kadence-column47_8abb3b-f9 > .kt-inside-inner-col{flex-direction:column;justify-content:center;}}<\/style>\n<div class=\"wp-block-kadence-column kadence-column47_8abb3b-f9\"><div class=\"kt-inside-inner-col\"><style>.kadence-column47_3dd5de-37 > .kt-inside-inner-col,.kadence-column47_3dd5de-37 > .kt-inside-inner-col:before{border-top-left-radius:0px;border-top-right-radius:0px;border-bottom-right-radius:0px;border-bottom-left-radius:0px;}.kadence-column47_3dd5de-37 > .kt-inside-inner-col{column-gap:var(--global-kb-gap-sm, 1rem);}.kadence-column47_3dd5de-37 > .kt-inside-inner-col{flex-direction:column;}.kadence-column47_3dd5de-37 > .kt-inside-inner-col > .aligncenter{width:100%;}.kadence-column47_3dd5de-37 > .kt-inside-inner-col:before{opacity:0.3;}.kadence-column47_3dd5de-37{position:relative;}@media all and (max-width: 1024px){.kadence-column47_3dd5de-37 > .kt-inside-inner-col{flex-direction:column;justify-content:center;}}@media all and (max-width: 767px){.kadence-column47_3dd5de-37 > .kt-inside-inner-col{flex-direction:column;justify-content:center;}}<\/style>\n<div class=\"wp-block-kadence-column kadence-column47_3dd5de-37\"><div class=\"kt-inside-inner-col\"><div class=\"wp-block-image\">\n<figure class=\"aligncenter size-full\"><img loading=\"lazy\" decoding=\"async\" width=\"994\" height=\"1401\" src=\"http:\/\/www.dergi.telakki.org\/wp-content\/uploads\/2025\/10\/sayi-5-kapak.jpeg\" alt=\"\" class=\"wp-image-95\" style=\"object-fit:cover\"\/><\/figure>\n<\/div>\n\n\n<h2 class=\"wp-block-heading has-text-align-center\">K\u0131\u015f 2024. Say\u0131 5, Cilt 3<\/h2>\n\n\n\n<div class=\"wp-block-buttons is-content-justification-center is-layout-flex wp-container-core-buttons-is-layout-16018d1d wp-block-buttons-is-layout-flex\">\n<div class=\"wp-block-button\"><a class=\"wp-block-button__link wp-element-button\" href=\"http:\/\/www.dergi.telakki.org\/wp-content\/uploads\/2025\/10\/Telakki-Dergisi-Aralik-2024-Sayi-5-Tam-Dosya.pdf\">PDF \u0130ND\u0130R<\/a><\/div>\n<\/div>\n\n\n\n<div class=\"wp-block-buttons is-content-justification-center is-layout-flex wp-container-core-buttons-is-layout-16018d1d wp-block-buttons-is-layout-flex\">\n<div class=\"wp-block-button\"><a class=\"wp-block-button__link wp-element-button\" href=\"https:\/\/dergipark.org.tr\/tr\/pub\/telakkisbd\/issue\/90294\">DERG\u0130PARK&#8217;TA G\u00d6R\u00dcNT\u00dcLE<\/a><\/div>\n<\/div>\n<\/div><\/div>\n<\/div><\/div>\n\n\n<style>.kadence-column47_006bbe-37 > .kt-inside-inner-col,.kadence-column47_006bbe-37 > .kt-inside-inner-col:before{border-top-left-radius:0px;border-top-right-radius:0px;border-bottom-right-radius:0px;border-bottom-left-radius:0px;}.kadence-column47_006bbe-37 > .kt-inside-inner-col{column-gap:var(--global-kb-gap-sm, 1rem);}.kadence-column47_006bbe-37 > .kt-inside-inner-col{flex-direction:column;}.kadence-column47_006bbe-37 > .kt-inside-inner-col > .aligncenter{width:100%;}.kadence-column47_006bbe-37 > .kt-inside-inner-col:before{opacity:0.3;}.kadence-column47_006bbe-37{position:relative;}@media all and (max-width: 1024px){.kadence-column47_006bbe-37 > .kt-inside-inner-col{flex-direction:column;justify-content:center;}}@media all and (max-width: 767px){.kadence-column47_006bbe-37 > .kt-inside-inner-col{flex-direction:column;justify-content:center;}}<\/style>\n<div class=\"wp-block-kadence-column kadence-column47_006bbe-37\"><div class=\"kt-inside-inner-col\"><style>.kadence-column47_a9a8b6-37 > .kt-inside-inner-col,.kadence-column47_a9a8b6-37 > .kt-inside-inner-col:before{border-top-left-radius:0px;border-top-right-radius:0px;border-bottom-right-radius:0px;border-bottom-left-radius:0px;}.kadence-column47_a9a8b6-37 > .kt-inside-inner-col{column-gap:var(--global-kb-gap-sm, 1rem);}.kadence-column47_a9a8b6-37 > .kt-inside-inner-col{flex-direction:column;}.kadence-column47_a9a8b6-37 > .kt-inside-inner-col > .aligncenter{width:100%;}.kadence-column47_a9a8b6-37 > .kt-inside-inner-col:before{opacity:0.3;}.kadence-column47_a9a8b6-37{position:relative;}@media all and (max-width: 1024px){.kadence-column47_a9a8b6-37 > .kt-inside-inner-col{flex-direction:column;justify-content:center;}}@media all and (max-width: 767px){.kadence-column47_a9a8b6-37 > .kt-inside-inner-col{flex-direction:column;justify-content:center;}}<\/style>\n<div class=\"wp-block-kadence-column kadence-column47_a9a8b6-37\"><div class=\"kt-inside-inner-col\"><style>.kadence-column47_7b67ce-cb > .kt-inside-inner-col,.kadence-column47_7b67ce-cb > .kt-inside-inner-col:before{border-top-left-radius:0px;border-top-right-radius:0px;border-bottom-right-radius:0px;border-bottom-left-radius:0px;}.kadence-column47_7b67ce-cb > .kt-inside-inner-col{column-gap:var(--global-kb-gap-sm, 1rem);}.kadence-column47_7b67ce-cb > .kt-inside-inner-col{flex-direction:column;}.kadence-column47_7b67ce-cb > .kt-inside-inner-col > .aligncenter{width:100%;}.kadence-column47_7b67ce-cb > .kt-inside-inner-col:before{opacity:0.3;}.kadence-column47_7b67ce-cb{position:relative;}@media all and (max-width: 1024px){.kadence-column47_7b67ce-cb > .kt-inside-inner-col{flex-direction:column;justify-content:center;}}@media all and (max-width: 767px){.kadence-column47_7b67ce-cb > .kt-inside-inner-col{flex-direction:column;justify-content:center;}}<\/style>\n<div class=\"wp-block-kadence-column kadence-column47_7b67ce-cb\"><div class=\"kt-inside-inner-col\"><div class=\"wp-block-image\">\n<figure class=\"aligncenter size-full\"><img loading=\"lazy\" decoding=\"async\" width=\"1080\" height=\"1522\" src=\"http:\/\/www.dergi.telakki.org\/wp-content\/uploads\/2025\/10\/sayi-4-kapak.jpeg\" alt=\"\" class=\"wp-image-97\" style=\"object-fit:cover\"\/><\/figure>\n<\/div>\n\n\n<h2 class=\"wp-block-heading has-text-align-center\">Yaz 2024. Say\u0131 4, Cilt 3<\/h2>\n\n\n\n<div class=\"wp-block-buttons is-content-justification-center is-layout-flex wp-container-core-buttons-is-layout-16018d1d wp-block-buttons-is-layout-flex\">\n<div class=\"wp-block-button\"><a class=\"wp-block-button__link wp-element-button\" href=\"http:\/\/www.dergi.telakki.org\/wp-content\/uploads\/2025\/10\/Telakki-Dergisi-Temmuz-2025-Sayi-4-Tam-Dosya.pdf\">PDF \u0130ND\u0130R<\/a><\/div>\n<\/div>\n\n\n\n<div class=\"wp-block-buttons is-content-justification-center is-layout-flex wp-container-core-buttons-is-layout-16018d1d wp-block-buttons-is-layout-flex\">\n<div class=\"wp-block-button\"><a class=\"wp-block-button__link wp-element-button\" href=\"https:\/\/dergipark.org.tr\/tr\/pub\/telakkisbd\/issue\/82782\">DERG\u0130PARK&#8217;TA G\u00d6R\u00dcNT\u00dcLE<\/a><\/div>\n<\/div>\n<\/div><\/div>\n<\/div><\/div>\n<\/div><\/div>\n\n\n<style>.kadence-column47_52c2fa-3b > .kt-inside-inner-col,.kadence-column47_52c2fa-3b > .kt-inside-inner-col:before{border-top-left-radius:0px;border-top-right-radius:0px;border-bottom-right-radius:0px;border-bottom-left-radius:0px;}.kadence-column47_52c2fa-3b > .kt-inside-inner-col{column-gap:var(--global-kb-gap-sm, 1rem);}.kadence-column47_52c2fa-3b > .kt-inside-inner-col{flex-direction:column;}.kadence-column47_52c2fa-3b > .kt-inside-inner-col > .aligncenter{width:100%;}.kadence-column47_52c2fa-3b > .kt-inside-inner-col:before{opacity:0.3;}.kadence-column47_52c2fa-3b{position:relative;}@media all and (max-width: 1024px){.kadence-column47_52c2fa-3b > .kt-inside-inner-col{flex-direction:column;justify-content:center;}}@media all and (max-width: 767px){.kadence-column47_52c2fa-3b > .kt-inside-inner-col{flex-direction:column;justify-content:center;}}<\/style>\n<div class=\"wp-block-kadence-column kadence-column47_52c2fa-3b\"><div class=\"kt-inside-inner-col\"><div class=\"wp-block-image\">\n<figure class=\"aligncenter size-full\"><img loading=\"lazy\" decoding=\"async\" width=\"1065\" height=\"1526\" src=\"http:\/\/www.dergi.telakki.org\/wp-content\/uploads\/2025\/10\/sayi-3-kapak.jpeg\" alt=\"\" class=\"wp-image-107\"\/><\/figure>\n<\/div>\n\n\n<h2 class=\"wp-block-heading has-text-align-center\">K\u0131\u015f 2023. Say\u0131 3, Cilt 2<\/h2>\n\n\n\n<div class=\"wp-block-buttons is-content-justification-center is-layout-flex wp-container-core-buttons-is-layout-16018d1d wp-block-buttons-is-layout-flex\">\n<div class=\"wp-block-button\"><a class=\"wp-block-button__link wp-element-button\" href=\"http:\/\/www.dergi.telakki.org\/wp-content\/uploads\/2025\/10\/Telakki-Dergisi-Aralik-2023-Sayi-3-Tam-Dosya.pdf\">PDF \u0130ND\u0130R<\/a><\/div>\n<\/div>\n\n\n\n<div class=\"wp-block-buttons is-content-justification-center is-layout-flex wp-container-core-buttons-is-layout-16018d1d wp-block-buttons-is-layout-flex\">\n<div class=\"wp-block-button\"><a class=\"wp-block-button__link wp-element-button\" href=\"https:\/\/dergipark.org.tr\/tr\/pub\/telakkisbd\/issue\/82392\">DERG\u0130PARK&#8217;TA G\u00d6R\u00dcNT\u00dcLE<\/a><\/div>\n<\/div>\n<\/div><\/div>\n\n\n<style>.kadence-column47_7ec416-9c > .kt-inside-inner-col,.kadence-column47_7ec416-9c > .kt-inside-inner-col:before{border-top-left-radius:0px;border-top-right-radius:0px;border-bottom-right-radius:0px;border-bottom-left-radius:0px;}.kadence-column47_7ec416-9c > .kt-inside-inner-col{column-gap:var(--global-kb-gap-sm, 1rem);}.kadence-column47_7ec416-9c > .kt-inside-inner-col{flex-direction:column;}.kadence-column47_7ec416-9c > .kt-inside-inner-col > .aligncenter{width:100%;}.kadence-column47_7ec416-9c > .kt-inside-inner-col:before{opacity:0.3;}.kadence-column47_7ec416-9c{position:relative;}@media all and (max-width: 1024px){.kadence-column47_7ec416-9c > .kt-inside-inner-col{flex-direction:column;justify-content:center;}}@media all and (max-width: 767px){.kadence-column47_7ec416-9c > .kt-inside-inner-col{flex-direction:column;justify-content:center;}}<\/style>\n<div class=\"wp-block-kadence-column kadence-column47_7ec416-9c\"><div class=\"kt-inside-inner-col\"><div class=\"wp-block-image\">\n<figure class=\"aligncenter size-full is-resized\"><img loading=\"lazy\" decoding=\"async\" width=\"200\" height=\"300\" src=\"http:\/\/www.dergi.telakki.org\/wp-content\/uploads\/2025\/10\/KAPAK-2.png\" alt=\"\" class=\"wp-image-110\" style=\"width:337px;height:auto\"\/><\/figure>\n<\/div>\n\n\n<h2 class=\"wp-block-heading has-text-align-center\">Yaz 2023. Say\u0131 2, Cilt 2<\/h2>\n\n\n\n<div class=\"wp-block-buttons is-content-justification-center is-layout-flex wp-container-core-buttons-is-layout-16018d1d wp-block-buttons-is-layout-flex\">\n<div class=\"wp-block-button\"><a class=\"wp-block-button__link wp-element-button\" href=\"http:\/\/www.dergi.telakki.org\/wp-content\/uploads\/2025\/10\/Telakki-Dergi-2.-Sayi.pdf\">PDF \u0130ND\u0130R<\/a><\/div>\n<\/div>\n\n\n\n<div class=\"wp-block-buttons is-content-justification-center is-layout-flex wp-container-core-buttons-is-layout-16018d1d wp-block-buttons-is-layout-flex\">\n<div class=\"wp-block-button\"><a class=\"wp-block-button__link wp-element-button\" href=\"https:\/\/dergipark.org.tr\/tr\/pub\/telakkisbd\/issue\/79181\">DERG\u0130PARK&#8217;TA G\u00d6R\u00dcNT\u00dcLE<\/a><\/div>\n<\/div>\n<\/div><\/div>\n\n\n<style>.kadence-column47_36e221-22 > .kt-inside-inner-col,.kadence-column47_36e221-22 > .kt-inside-inner-col:before{border-top-left-radius:0px;border-top-right-radius:0px;border-bottom-right-radius:0px;border-bottom-left-radius:0px;}.kadence-column47_36e221-22 > .kt-inside-inner-col{column-gap:var(--global-kb-gap-sm, 1rem);}.kadence-column47_36e221-22 > .kt-inside-inner-col{flex-direction:column;}.kadence-column47_36e221-22 > .kt-inside-inner-col > .aligncenter{width:100%;}.kadence-column47_36e221-22 > .kt-inside-inner-col:before{opacity:0.3;}.kadence-column47_36e221-22{position:relative;}@media all and (max-width: 1024px){.kadence-column47_36e221-22 > .kt-inside-inner-col{flex-direction:column;justify-content:center;}}@media all and (max-width: 767px){.kadence-column47_36e221-22 > .kt-inside-inner-col{flex-direction:column;justify-content:center;}}<\/style>\n<div class=\"wp-block-kadence-column kadence-column47_36e221-22\"><div class=\"kt-inside-inner-col\"><div class=\"wp-block-image\">\n<figure class=\"aligncenter size-large\"><img loading=\"lazy\" decoding=\"async\" width=\"724\" height=\"1024\" src=\"http:\/\/www.dergi.telakki.org\/wp-content\/uploads\/2022\/12\/Telakki-Sosyal-Bilimler-Dergisi-1-724x1024.jpg\" alt=\"\" class=\"wp-image-64\" srcset=\"https:\/\/www.dergi.telakki.org\/wp-content\/uploads\/2022\/12\/Telakki-Sosyal-Bilimler-Dergisi-1-724x1024.jpg 724w, https:\/\/www.dergi.telakki.org\/wp-content\/uploads\/2022\/12\/Telakki-Sosyal-Bilimler-Dergisi-1-212x300.jpg 212w, https:\/\/www.dergi.telakki.org\/wp-content\/uploads\/2022\/12\/Telakki-Sosyal-Bilimler-Dergisi-1-768x1086.jpg 768w, https:\/\/www.dergi.telakki.org\/wp-content\/uploads\/2022\/12\/Telakki-Sosyal-Bilimler-Dergisi-1-scaled.jpg 1810w\" sizes=\"auto, (max-width: 724px) 100vw, 724px\" \/><\/figure>\n<\/div>\n\n\n<h2 class=\"wp-block-heading has-text-align-center\">K\u0131\u015f 2022. Say\u0131 1, Cilt 1<\/h2>\n\n\n\n<div class=\"wp-block-buttons is-content-justification-center is-layout-flex wp-container-core-buttons-is-layout-16018d1d wp-block-buttons-is-layout-flex\">\n<div class=\"wp-block-button\"><a class=\"wp-block-button__link wp-element-button\" href=\"http:\/\/www.dergi.telakki.org\/wp-content\/uploads\/2023\/01\/Telakki-SBD-1.-Sayi.pdf\">PDF \u0130ND\u0130R<\/a><\/div>\n<\/div>\n\n\n\n<div class=\"wp-block-buttons is-content-justification-center is-layout-flex wp-container-core-buttons-is-layout-16018d1d wp-block-buttons-is-layout-flex\">\n<div class=\"wp-block-button\"><a class=\"wp-block-button__link wp-element-button\" href=\"https:\/\/dergipark.org.tr\/tr\/pub\/telakkisbd\/issue\/76064\">DERG\u0130PARKTA G\u00d6R\u00dcNT\u00dcLE<\/a><\/div>\n<\/div>\n<\/div><\/div>\n\n<\/div><\/div>\n\n\n<p><\/p>","protected":false},"excerpt":{"rendered":"<p>Yaz 2025. Say\u0131 6, Cilt 4 K\u0131\u015f 2024. Say\u0131 5, Cilt 3 Yaz 2024. Say\u0131 4, Cilt 3 K\u0131\u015f 2023. Say\u0131 3, Cilt 2 Yaz 2023. Say\u0131 2, Cilt 2 K\u0131\u015f 2022. Say\u0131 1, Cilt 1<\/p>","protected":false},"author":1,"featured_media":0,"parent":0,"menu_order":0,"comment_status":"closed","ping_status":"closed","template":"","meta":{"_kad_post_transparent":"","_kad_post_title":"","_kad_post_layout":"","_kad_post_sidebar_id":"","_kad_post_content_style":"","_kad_post_vertical_padding":"","_kad_post_feature":"","_kad_post_feature_position":"","_kad_post_header":false,"_kad_post_footer":false,"footnotes":""},"class_list":["post-47","page","type-page","status-publish","hentry"],"_links":{"self":[{"href":"https:\/\/www.dergi.telakki.org\/en\/wp-json\/wp\/v2\/pages\/47","targetHints":{"allow":["GET"]}}],"collection":[{"href":"https:\/\/www.dergi.telakki.org\/en\/wp-json\/wp\/v2\/pages"}],"about":[{"href":"https:\/\/www.dergi.telakki.org\/en\/wp-json\/wp\/v2\/types\/page"}],"author":[{"embeddable":true,"href":"https:\/\/www.dergi.telakki.org\/en\/wp-json\/wp\/v2\/users\/1"}],"replies":[{"embeddable":true,"href":"https:\/\/www.dergi.telakki.org\/en\/wp-json\/wp\/v2\/comments?post=47"}],"version-history":[{"count":17,"href":"https:\/\/www.dergi.telakki.org\/en\/wp-json\/wp\/v2\/pages\/47\/revisions"}],"predecessor-version":[{"id":113,"href":"https:\/\/www.dergi.telakki.org\/en\/wp-json\/wp\/v2\/pages\/47\/revisions\/113"}],"wp:attachment":[{"href":"https:\/\/www.dergi.telakki.org\/en\/wp-json\/wp\/v2\/media?parent=47"}],"curies":[{"name":"wp","href":"https:\/\/api.w.org\/{rel}","templated":true}]}}