{"id":18,"date":"2022-07-26T15:15:07","date_gmt":"2022-07-26T15:15:07","guid":{"rendered":"http:\/\/www.dergi.telakki.org\/?page_id=18"},"modified":"2022-07-27T10:11:52","modified_gmt":"2022-07-27T10:11:52","slug":"makale-yazim-kurallari","status":"publish","type":"page","link":"https:\/\/www.dergi.telakki.org\/en\/makale-yazim-kurallari\/","title":{"rendered":"Makale Yaz\u0131m Kurallar\u0131"},"content":{"rendered":"<p class=\"has-text-align-center\"><strong>MAKALE YAZIM KURALLARI<\/strong><\/p>\n\n\n\n<p><strong>&nbsp;&nbsp;&nbsp;&nbsp;&nbsp;&nbsp;&nbsp;&nbsp;&nbsp;&nbsp;&nbsp; FORMAT :<\/strong><strong><\/strong><\/p>\n\n\n\n<p>&nbsp;&nbsp;&nbsp;&nbsp;&nbsp;&nbsp;&nbsp;&nbsp;&nbsp;&nbsp;&nbsp; Program&nbsp;&nbsp;&nbsp;&nbsp;&nbsp;&nbsp;&nbsp;&nbsp;&nbsp;&nbsp; : Microsoft Word<\/p>\n\n\n\n<p>&nbsp;&nbsp;&nbsp;&nbsp;&nbsp;&nbsp;&nbsp; Ka\u011f\u0131t boyutu&nbsp;&nbsp;&nbsp;&nbsp; : 210&#215;297 mm<\/p>\n\n\n\n<p>&nbsp;&nbsp;&nbsp;&nbsp;&nbsp;&nbsp;&nbsp;&nbsp;&nbsp;&nbsp;&nbsp; <strong>MARJLAR:<\/strong><strong><\/strong><\/p>\n\n\n\n<p>&nbsp;&nbsp;&nbsp;&nbsp;&nbsp;&nbsp;&nbsp;&nbsp;&nbsp;&nbsp;&nbsp; \u00dcst&nbsp;&nbsp;&nbsp;&nbsp;&nbsp;&nbsp; : 3 cm<\/p>\n\n\n\n<p>&nbsp;&nbsp;&nbsp;&nbsp;&nbsp;&nbsp;&nbsp;&nbsp;&nbsp;&nbsp;&nbsp; Alt&nbsp;&nbsp;&nbsp;&nbsp;&nbsp;&nbsp;&nbsp; : 3 cm<\/p>\n\n\n\n<p>&nbsp;&nbsp;&nbsp;&nbsp;&nbsp;&nbsp;&nbsp;&nbsp;&nbsp;&nbsp;&nbsp; Sa\u011f&nbsp;&nbsp;&nbsp;&nbsp;&nbsp;&nbsp; : 2 cm<\/p>\n\n\n\n<p>&nbsp;&nbsp;&nbsp;&nbsp;&nbsp;&nbsp;&nbsp;&nbsp;&nbsp;&nbsp;&nbsp; Sol&nbsp;&nbsp;&nbsp;&nbsp;&nbsp;&nbsp; : 2 cm<\/p>\n\n\n\n<p>&nbsp;&nbsp;&nbsp;&nbsp;&nbsp;&nbsp;&nbsp;&nbsp;&nbsp;&nbsp;&nbsp; <strong>BA\u015eLIK\/<\/strong><strong> ALTLIK:<\/strong><strong><\/strong><\/p>\n\n\n\n<p>&nbsp;&nbsp;&nbsp;&nbsp;&nbsp;&nbsp;&nbsp;&nbsp;&nbsp;&nbsp;&nbsp; \u00dcst&nbsp;&nbsp;&nbsp;&nbsp;&nbsp;&nbsp; : 2 cm<\/p>\n\n\n\n<p>&nbsp;&nbsp;&nbsp;&nbsp;&nbsp;&nbsp;&nbsp;&nbsp;&nbsp;&nbsp;&nbsp; Alt&nbsp;&nbsp;&nbsp;&nbsp;&nbsp;&nbsp;&nbsp; : 2 cm.<\/p>\n\n\n\n<p><strong>&nbsp;&nbsp;&nbsp;&nbsp;&nbsp;&nbsp;&nbsp;&nbsp;&nbsp;&nbsp;&nbsp; MET\u0130N:<\/strong><strong><\/strong><\/p>\n\n\n\n<p>&nbsp;&nbsp;&nbsp;&nbsp;&nbsp;&nbsp;&nbsp;&nbsp;&nbsp;&nbsp;&nbsp; Yaz\u0131&nbsp;&nbsp;&nbsp;&nbsp;&nbsp;&nbsp;&nbsp;&nbsp;&nbsp;&nbsp;&nbsp;&nbsp;&nbsp;&nbsp;&nbsp;&nbsp;&nbsp; : Times New Roman, 11 punto<\/p>\n\n\n\n<p>&nbsp;&nbsp;&nbsp;&nbsp;&nbsp;&nbsp;&nbsp;&nbsp;&nbsp;&nbsp;&nbsp; Paragraf ba\u015f\u0131&nbsp;&nbsp;&nbsp;&nbsp; : 1,25 cm.<\/p>\n\n\n\n<p>&nbsp;&nbsp;&nbsp;&nbsp;&nbsp;&nbsp;&nbsp;&nbsp;&nbsp;&nbsp;&nbsp; Paragraf aral\u0131\u011f\u0131&nbsp;&nbsp; : \u00f6nce 0,6 nk<\/p>\n\n\n\n<p>&nbsp;&nbsp;&nbsp;&nbsp;&nbsp;&nbsp;&nbsp;&nbsp;&nbsp;&nbsp;&nbsp; Sat\u0131r aral\u0131\u011f\u0131&nbsp;&nbsp;&nbsp;&nbsp;&nbsp;&nbsp;&nbsp; : tek<\/p>\n\n\n\n<p>&nbsp;&nbsp;&nbsp;&nbsp;&nbsp;&nbsp;&nbsp;&nbsp;&nbsp;&nbsp;&nbsp; Metin al\u0131nt\u0131lar\u0131&nbsp;&nbsp;&nbsp; : <em>\u0130talik<\/em><\/p>\n\n\n\n<p><strong>&nbsp;&nbsp;&nbsp;&nbsp;&nbsp;&nbsp;&nbsp;&nbsp;&nbsp;&nbsp;&nbsp; D\u0130PNOT:<\/strong><strong><\/strong><\/p>\n\n\n\n<p>&nbsp;&nbsp;&nbsp;&nbsp;&nbsp;&nbsp;&nbsp;&nbsp;&nbsp;&nbsp;&nbsp; Yaz\u0131&nbsp;&nbsp;&nbsp;&nbsp;&nbsp;&nbsp;&nbsp;&nbsp;&nbsp;&nbsp;&nbsp;&nbsp;&nbsp;&nbsp;&nbsp;&nbsp;&nbsp; : Times New Roman, 9 punto<\/p>\n\n\n\n<p>&nbsp;&nbsp;&nbsp;&nbsp;&nbsp;&nbsp;&nbsp;&nbsp;&nbsp;&nbsp;&nbsp; Sat\u0131r aral\u0131\u011f\u0131&nbsp;&nbsp;&nbsp;&nbsp;&nbsp;&nbsp;&nbsp; : tek<\/p>\n\n\n\n<p>&nbsp;&nbsp;&nbsp;&nbsp;&nbsp;&nbsp;&nbsp;&nbsp;&nbsp;&nbsp;&nbsp; As\u0131l\u0131&nbsp;&nbsp;&nbsp;&nbsp;&nbsp;&nbsp;&nbsp;&nbsp;&nbsp;&nbsp;&nbsp;&nbsp;&nbsp;&nbsp;&nbsp;&nbsp;&nbsp; : 0<\/p>\n\n\n\n<ul class=\"wp-block-list\"><li>Makale, T\u00fcrk\u00e7e veya \u0130ngilizce. Makale i\u00e7in 200 kelimeyi ge\u00e7meyen, T\u00fcrk\u00e7e ve \u0130ngilizce \u00d6zet \/Abstract<strong> <\/strong>yaz\u0131lmal\u0131d\u0131r.<\/li><\/ul>\n\n\n\n<ul class=\"wp-block-list\"><li>&nbsp; Makalede konuyu tan\u0131mlayan T\u00fcrk\u00e7e ve \u0130ngilizce, uygun en fazla yedi tane <strong>Anahtar S\u00f6zc\u00fckler \/ Keywords <\/strong>verilmelidir.<\/li><\/ul>\n\n\n\n<ul class=\"wp-block-list\"><li>&nbsp; Yazar, makalenin ilk sayfas\u0131nda yer alan ad\u0131n\u0131n-soyad\u0131n\u0131n oldu\u011fu k\u0131sma y\u0131ld\u0131zl\u0131 dipnot koyarak Akademik unvan\u0131n\u0131, \u00e7al\u0131\u015ft\u0131\u011f\u0131 kurumu ve e-posta adresini parantez i\u00e7inde ve <em>italik <\/em>olarak belirtmelidir.<\/li><\/ul>\n\n\n\n<ul class=\"wp-block-list\"><li>&nbsp; Makalede konunun i\u00e7eri\u011fine uygun ana ba\u015fl\u0131klar <strong>1. 2. 3. <\/strong>\u015feklinde, alt ba\u015fl\u0131klar<\/li><\/ul>\n\n\n\n<p><strong>1.a. 2.a. 3.b <\/strong>\u015feklinde numaraland\u0131r\u0131lmal\u0131d\u0131r.<\/p>\n\n\n\n<ul class=\"wp-block-list\"><li>&nbsp; Makalenin en sonunda yap\u0131lan ara\u015ft\u0131rman\u0131n sonu\u00e7lar\u0131 Sonu\u00e7b\u00f6l\u00fcm\u00fcnde belirtilmelidir.<\/li><\/ul>\n\n\n\n<ul class=\"wp-block-list\"><li>&nbsp; Makaleye eklenmesi istenen harita veya resimler Word (.doc, .docx) belgesine konuldu\u011fu gibi harita ve resimlere s\u0131ra numaras\u0131 verilerek makaleden ayr\u0131 olarak da g\u00f6nderilmelidir.<\/li><\/ul>\n\n\n\n<p><strong>D\u0130PNOTLARIN<\/strong><strong> VER\u0130LMES\u0130<\/strong><\/p>\n\n\n\n<ul class=\"wp-block-list\"><li>&nbsp; Kayna\u011fa ilk defa at\u0131f verilirken yazar\u0131n ad\u0131 ve soyad\u0131 tam olarak yaz\u0131lmal\u0131d\u0131r.<\/li><\/ul>\n\n\n\n<ul class=\"wp-block-list\"><li>&nbsp; Kaynak eserin ad\u0131 <em>\u0130talik <\/em>olarak yaz\u0131lmal\u0131d\u0131r.<\/li><\/ul>\n\n\n\n<ul class=\"wp-block-list\"><li>&nbsp; Kaynak eserin yay\u0131nevi, bas\u0131m yeri, y\u0131l\u0131 ve sayfa numaras\u0131 verilmelidir.<\/li><\/ul>\n\n\n\n<ul class=\"wp-block-list\"><li>&nbsp; Dipnot 9 punto ile Times New Roman<strong> <\/strong>yaz\u0131 tipinde verilmelidir.<\/li><\/ul>\n\n\n\n<ul class=\"wp-block-list\"><li>&nbsp; Bir makale dipnot olarak g\u00f6sterilirken, makale ad\u0131 \u201ct\u0131rnak i\u00e7erisinde\u201d g\u00f6sterilmeli ve makalenin yer ald\u0131\u011f\u0131 kaynak eser yine <em>italik <\/em>olarak verilmelidir.<\/li><\/ul>\n\n\n\n<ul class=\"wp-block-list\"><li>&nbsp; Ayn\u0131 eser ard\u0131 ard\u0131na tekrar kaynak g\u00f6sterilecek ise uygun k\u0131saltmalar <em>italik <\/em>olarak kullan\u0131lmal\u0131d\u0131r:<\/li><\/ul>\n\n\n\n<p>&nbsp;&nbsp;&nbsp;&nbsp;&nbsp;&nbsp; Ad\u0131 ge\u00e7en eser&nbsp;&nbsp;&nbsp;&nbsp;&nbsp;&nbsp;&nbsp;&nbsp;&nbsp;&nbsp;&nbsp;&nbsp;&nbsp;&nbsp; : <em>A.g.e.<\/em><\/p>\n\n\n\n<p>&nbsp;&nbsp;&nbsp;&nbsp;&nbsp;&nbsp; Ad\u0131 ge\u00e7en makale&nbsp;&nbsp;&nbsp;&nbsp;&nbsp;&nbsp;&nbsp;&nbsp;&nbsp;&nbsp; : <em>A.g.m.<\/em><\/p>\n\n\n\n<p>&nbsp;&nbsp;&nbsp;&nbsp;&nbsp;&nbsp; Ad\u0131 ge\u00e7en tez&nbsp;&nbsp;&nbsp;&nbsp;&nbsp;&nbsp;&nbsp;&nbsp;&nbsp;&nbsp;&nbsp;&nbsp;&nbsp;&nbsp;&nbsp;&nbsp; : <em>A.g.t.<\/em><\/p>\n\n\n\n<p>&nbsp;&nbsp;&nbsp;&nbsp;&nbsp;&nbsp; Ad\u0131 ge\u00e7en yay\u0131n&nbsp;&nbsp;&nbsp;&nbsp;&nbsp;&nbsp;&nbsp;&nbsp;&nbsp;&nbsp;&nbsp;&nbsp; : <em>A.g.y.<\/em><\/p>\n\n\n\n<p>&nbsp;&nbsp;&nbsp;&nbsp;&nbsp;&nbsp; Ad\u0131 ge\u00e7en dergi&nbsp;&nbsp;&nbsp;&nbsp;&nbsp;&nbsp;&nbsp;&nbsp;&nbsp;&nbsp;&nbsp;&nbsp; : <em>A.g.d.<\/em><\/p>\n\n\n\n<p>&nbsp;&nbsp;&nbsp;&nbsp;&nbsp;&nbsp; Ad\u0131 ge\u00e7en ar\u015fiv&nbsp;&nbsp;&nbsp;&nbsp;&nbsp;&nbsp;&nbsp;&nbsp;&nbsp;&nbsp;&nbsp;&nbsp;&nbsp; : <em>A.g.a.<\/em><\/p>\n\n\n\n<p>&nbsp;&nbsp;&nbsp;&nbsp;&nbsp;&nbsp; Ad\u0131 ge\u00e7en bilgi notu&nbsp;&nbsp;&nbsp;&nbsp;&nbsp;&nbsp; : <em>A.g.b.<\/em><\/p>\n\n\n\n<p>&nbsp;&nbsp;&nbsp;&nbsp;&nbsp;&nbsp; Ad\u0131 ge\u00e7en kararname&nbsp;&nbsp;&nbsp;&nbsp; : <em>A.g.k.<\/em><\/p>\n\n\n\n<p>&nbsp;&nbsp;&nbsp;&nbsp;&nbsp;&nbsp; Ad\u0131 ge\u00e7en rapor &nbsp;&nbsp;&nbsp;&nbsp;&nbsp;&nbsp;&nbsp;&nbsp;&nbsp;&nbsp;&nbsp; : <em>A.g.r.<\/em><\/p>\n\n\n\n<ul class=\"wp-block-list\"><li>&nbsp; Dipnotta yer alan kaynak tekrar g\u00f6sterilece\u011fi zaman araya ba\u015fka bir kaynak kullan\u0131lm\u0131\u015fsa \u015f\u00f6yle yaz\u0131lmal\u0131d\u0131r:<\/li><\/ul>\n\n\n\n<p>&nbsp;&nbsp;&nbsp;&nbsp;&nbsp;&nbsp;&nbsp;&nbsp;&nbsp;&nbsp;&nbsp; <strong>\u00d6rnek:<\/strong><strong><\/strong><\/p>\n\n\n\n<p>24&nbsp;Na\u015fit Hakk\u0131 Ulu\u011f, <em>\u00dc\u00e7 B\u00fcy\u00fck Devrim<\/em>, Ak yay\u0131nlar\u0131, \u0130stanbul, 1973, s.41.<\/p>\n\n\n\n<p>25&nbsp;Zeki Ar\u0131kan, \u201cMahmut Esat Bozkurt\u201d, <em>\u00c7a\u011fda\u015f T\u00fcrkiye Tarihi Ara\u015ft\u0131rmalar\u0131 Dergisi<\/em>, C.III, S.8, \u0130zmir, 1998, s.217.<\/p>\n\n\n\n<p>26 <em>A.g.m.<\/em>, s.25.<\/p>\n\n\n\n<p>27&nbsp;Ulu\u011f, <em>a.g.e.<\/em>, s.53.<\/p>\n\n\n\n<p>28&nbsp;<em>A.g.e.<\/em>, s.58.<\/p>\n\n\n\n<p>29 Ar\u0131kan, <em>a.g.m.<\/em>, s.27.<\/p>\n\n\n\n<ul class=\"wp-block-list\"><li>Dipnot g\u00f6steriminde birden fazla sayfan\u0131n g\u00f6sterilmek istenmesi halinde sayfa numaras\u0131 \u201cs.\u201d \u015feklinde verilmelidir.<\/li><\/ul>\n\n\n\n<ul class=\"wp-block-list\"><li>\u0130nternet Kaynaklar\u0131, varsa sitenin ba\u011fl\u0131 oldu\u011fu kurum, kurulu\u015f ad\u0131, adres sat\u0131r\u0131 ve parantez i\u00e7inde siteye eri\u015fim tarihi verilmelidir.<\/li><\/ul>\n\n\n\n<p><strong>KAYNAK\u00c7ANIN<\/strong><strong> HAZIRLANI\u015eI<\/strong><strong><\/strong><\/p>\n\n\n\n<ul class=\"wp-block-list\"><li>Kaynak\u00e7aya eklenecek olan eserlerin s\u0131ras\u0131 a\u015fa\u011f\u0131daki gibi olmal\u0131d\u0131r:<\/li><\/ul>\n\n\n\n<p><strong>I.&nbsp;&nbsp;&nbsp;&nbsp; Ar\u015fiv<\/strong><strong> kaynaklar\u0131<\/strong><strong><\/strong><\/p>\n\n\n\n<p><strong>II.&nbsp;&nbsp; Resmi Yay\u0131nlar<\/strong><\/p>\n\n\n\n<p><strong>III.&nbsp; S\u00fcreli Yay\u0131nlar (Gazete ve Dergiler)<\/strong><\/p>\n\n\n\n<p><strong>IV.&nbsp; Kitaplar<\/strong><\/p>\n\n\n\n<p><strong>V.&nbsp;&nbsp;&nbsp; Makaleler<\/strong><\/p>\n\n\n\n<p><strong>VI.&nbsp; \u0130nternet<\/strong><strong> Kaynaklar\u0131<\/strong><\/p>\n\n\n\n<p><strong>VII. S\u00f6zl\u00fc Tarih G\u00f6r\u00fc\u015fmeleri<\/strong><\/p>\n\n\n\n<ul class=\"wp-block-list\"><li>&nbsp; Dipnotlarda kullan\u0131lan kaynaklar, yaz\u0131n\u0131n sonunda alfabetik s\u0131raya (A-Z) g\u00f6re KAYNAK\u00c7A listesinde verilir.<\/li><\/ul>\n\n\n\n<ul class=\"wp-block-list\"><li>&nbsp; Dipnotta kaynak olarak g\u00f6sterilen makale, alfabetik s\u0131raya (A-Z) g\u00f6re KAYNAK\u00c7A listesinde verilirken, yer ald\u0131\u011f\u0131 dergideki sayfa aral\u0131\u011f\u0131yla verilmelidir.<\/li><\/ul>\n\n\n\n<ul class=\"wp-block-list\"><li>&nbsp; Ar\u015fiv kaynaklar\u0131 \u00f6ncelikle belgenin al\u0131nd\u0131\u011f\u0131 yer, dosya numaras\u0131, varsa g\u00f6mlek numaras\u0131 \u015feklinde verilmelidir.<\/li><\/ul>\n\n\n\n<ul class=\"wp-block-list\"><li>&nbsp; Gazete ve dergiler alfabetik s\u0131ra ile belirtilmelidir.<\/li><\/ul>\n\n\n\n<p>&nbsp;&nbsp;&nbsp;&nbsp;&nbsp;&nbsp;&nbsp;&nbsp;&nbsp;&nbsp;&nbsp; <strong>\u00d6rnek:<\/strong><strong><\/strong><\/p>\n\n\n\n<p>&nbsp;&nbsp;&nbsp;&nbsp;&nbsp;&nbsp;&nbsp;&nbsp;&nbsp;&nbsp;&nbsp; III. S\u00fcreli Yay\u0131nlar<strong><\/strong><\/p>\n\n\n\n<p><em>&nbsp;&nbsp;&nbsp;&nbsp;&nbsp;&nbsp;&nbsp;&nbsp;&nbsp;&nbsp;&nbsp; Ak\u015fam<\/em><\/p>\n\n\n\n<p><em>&nbsp;&nbsp;&nbsp;&nbsp;&nbsp;&nbsp;&nbsp;&nbsp;&nbsp;&nbsp;&nbsp; Cumhuriyet<\/em><\/p>\n\n\n\n<p><em>&nbsp;&nbsp;&nbsp;&nbsp;&nbsp;&nbsp;&nbsp;&nbsp;&nbsp;&nbsp;&nbsp; <\/em><em>H\u00fcrriyet<\/em><\/p>\n\n\n\n<p><em>&nbsp;&nbsp;&nbsp;&nbsp;&nbsp;&nbsp;&nbsp;&nbsp;&nbsp;&nbsp;&nbsp; Tarih<\/em><em> ve Toplum<\/em><\/p>\n\n\n\n<ul class=\"wp-block-list\"><li>&nbsp; Yazar, yukar\u0131da belirtilen kurallara g\u00f6re haz\u0131rlanm\u0131\u015f metnin bir \u00e7\u0131kt\u0131s\u0131n\u0131 postayla ve ayn\u0131 zamanda e-mail yoluyla edit\u00f6re g\u00f6ndermelidir. Yazar, elektronik adresini ve telefonunu mutlaka yazmal\u0131d\u0131r.<\/li><\/ul>\n\n\n\n<p><strong>BAZI KISALTMALAR<\/strong><\/p>\n\n\n\n<p>&nbsp;&nbsp;&nbsp;&nbsp;&nbsp;&nbsp;&nbsp;&nbsp;&nbsp;&nbsp;&nbsp; Cilt&nbsp;&nbsp;&nbsp;&nbsp;&nbsp;&nbsp;&nbsp;&nbsp;&nbsp;&nbsp;&nbsp;&nbsp;&nbsp;&nbsp;&nbsp;&nbsp;&nbsp;&nbsp;&nbsp;&nbsp;&nbsp;&nbsp;&nbsp;&nbsp;&nbsp;&nbsp;&nbsp;&nbsp;&nbsp;&nbsp; : C.<\/p>\n\n\n\n<p>&nbsp;&nbsp;&nbsp;&nbsp;&nbsp;&nbsp;&nbsp;&nbsp;&nbsp;&nbsp;&nbsp; Say\u0131&nbsp;&nbsp;&nbsp;&nbsp;&nbsp;&nbsp;&nbsp;&nbsp;&nbsp;&nbsp;&nbsp;&nbsp;&nbsp;&nbsp;&nbsp;&nbsp;&nbsp;&nbsp;&nbsp;&nbsp;&nbsp;&nbsp;&nbsp;&nbsp;&nbsp;&nbsp;&nbsp;&nbsp;&nbsp; : S.<\/p>\n\n\n\n<p>&nbsp;&nbsp;&nbsp;&nbsp;&nbsp;&nbsp;&nbsp;&nbsp;&nbsp;&nbsp;&nbsp; Edit\u00f6r&nbsp;&nbsp;&nbsp;&nbsp;&nbsp;&nbsp;&nbsp;&nbsp;&nbsp;&nbsp;&nbsp;&nbsp;&nbsp;&nbsp;&nbsp;&nbsp;&nbsp;&nbsp;&nbsp;&nbsp;&nbsp;&nbsp;&nbsp;&nbsp;&nbsp; : Ed.<\/p>\n\n\n\n<p>&nbsp;&nbsp;&nbsp;&nbsp;&nbsp;&nbsp;&nbsp;&nbsp;&nbsp;&nbsp;&nbsp; Bak\u0131n\u0131z&nbsp;&nbsp;&nbsp;&nbsp;&nbsp;&nbsp;&nbsp;&nbsp;&nbsp;&nbsp;&nbsp;&nbsp;&nbsp;&nbsp;&nbsp;&nbsp;&nbsp;&nbsp;&nbsp;&nbsp;&nbsp;&nbsp;&nbsp;&nbsp; : Bkz:<\/p>\n\n\n\n<p>&nbsp;&nbsp;&nbsp;&nbsp;&nbsp;&nbsp;&nbsp;&nbsp;&nbsp;&nbsp;&nbsp; \u00c7eviren&nbsp;&nbsp;&nbsp;&nbsp;&nbsp;&nbsp;&nbsp;&nbsp;&nbsp;&nbsp;&nbsp;&nbsp;&nbsp;&nbsp;&nbsp;&nbsp;&nbsp;&nbsp;&nbsp;&nbsp;&nbsp;&nbsp;&nbsp; : \u00c7ev.<\/p>\n\n\n\n<p>&nbsp;&nbsp;&nbsp;&nbsp;&nbsp;&nbsp;&nbsp;&nbsp;&nbsp;&nbsp;&nbsp; Haz\u0131rlayan&nbsp;&nbsp;&nbsp;&nbsp;&nbsp;&nbsp;&nbsp;&nbsp;&nbsp;&nbsp;&nbsp;&nbsp;&nbsp;&nbsp;&nbsp;&nbsp;&nbsp;&nbsp;&nbsp;&nbsp; : Haz.<\/p>\n\n\n\n<p>&nbsp;&nbsp;&nbsp;&nbsp;&nbsp;&nbsp;&nbsp;&nbsp;&nbsp;&nbsp;&nbsp; Bas\u0131m Yeri Yok&nbsp;&nbsp;&nbsp;&nbsp;&nbsp;&nbsp;&nbsp;&nbsp;&nbsp;&nbsp;&nbsp;&nbsp; : b.y.y.<\/p>\n\n\n\n<p>&nbsp;&nbsp;&nbsp;&nbsp;&nbsp;&nbsp;&nbsp;&nbsp;&nbsp;&nbsp;&nbsp; Bas\u0131m Tarihi Yok&nbsp;&nbsp;&nbsp;&nbsp;&nbsp;&nbsp;&nbsp;&nbsp;&nbsp; : b.t.y.<\/p>","protected":false},"excerpt":{"rendered":"<p>MAKALE YAZIM KURALLARI &nbsp;&nbsp;&nbsp;&nbsp;&nbsp;&nbsp;&nbsp;&nbsp;&nbsp;&nbsp;&nbsp; FORMAT : &nbsp;&nbsp;&nbsp;&nbsp;&nbsp;&nbsp;&nbsp;&nbsp;&nbsp;&nbsp;&nbsp; Program&nbsp;&nbsp;&nbsp;&nbsp;&nbsp;&nbsp;&nbsp;&nbsp;&nbsp;&nbsp; : Microsoft Word &nbsp;&nbsp;&nbsp;&nbsp;&nbsp;&nbsp;&nbsp; Ka\u011f\u0131t boyutu&nbsp;&nbsp;&nbsp;&nbsp; : 210&#215;297 mm &nbsp;&nbsp;&nbsp;&nbsp;&nbsp;&nbsp;&nbsp;&nbsp;&nbsp;&nbsp;&nbsp; MARJLAR: &nbsp;&nbsp;&nbsp;&nbsp;&nbsp;&nbsp;&nbsp;&nbsp;&nbsp;&nbsp;&nbsp; \u00dcst&nbsp;&nbsp;&nbsp;&nbsp;&nbsp;&nbsp; : 3 cm &nbsp;&nbsp;&nbsp;&nbsp;&nbsp;&nbsp;&nbsp;&nbsp;&nbsp;&nbsp;&nbsp; Alt&nbsp;&nbsp;&nbsp;&nbsp;&nbsp;&nbsp;&nbsp; : 3 cm &nbsp;&nbsp;&nbsp;&nbsp;&nbsp;&nbsp;&nbsp;&nbsp;&nbsp;&nbsp;&nbsp; Sa\u011f&nbsp;&nbsp;&nbsp;&nbsp;&nbsp;&nbsp; : 2 cm &nbsp;&nbsp;&nbsp;&nbsp;&nbsp;&nbsp;&nbsp;&nbsp;&nbsp;&nbsp;&nbsp; Sol&nbsp;&nbsp;&nbsp;&nbsp;&nbsp;&nbsp; : 2 cm &nbsp;&nbsp;&nbsp;&nbsp;&nbsp;&nbsp;&nbsp;&nbsp;&nbsp;&nbsp;&nbsp; BA\u015eLIK\/ ALTLIK: &nbsp;&nbsp;&nbsp;&nbsp;&nbsp;&nbsp;&nbsp;&nbsp;&nbsp;&nbsp;&nbsp; \u00dcst&nbsp;&nbsp;&nbsp;&nbsp;&nbsp;&nbsp; : 2 cm &nbsp;&nbsp;&nbsp;&nbsp;&nbsp;&nbsp;&nbsp;&nbsp;&nbsp;&nbsp;&nbsp; Alt&nbsp;&nbsp;&nbsp;&nbsp;&nbsp;&nbsp;&nbsp; : 2 cm. &nbsp;&nbsp;&nbsp;&nbsp;&nbsp;&nbsp;&nbsp;&nbsp;&nbsp;&nbsp;&nbsp; MET\u0130N: &nbsp;&nbsp;&nbsp;&nbsp;&nbsp;&nbsp;&nbsp;&nbsp;&nbsp;&nbsp;&nbsp;&#8230;<\/p>","protected":false},"author":1,"featured_media":0,"parent":0,"menu_order":0,"comment_status":"closed","ping_status":"closed","template":"","meta":{"_kad_post_transparent":"","_kad_post_title":"","_kad_post_layout":"","_kad_post_sidebar_id":"","_kad_post_content_style":"","_kad_post_vertical_padding":"","_kad_post_feature":"","_kad_post_feature_position":"","_kad_post_header":false,"_kad_post_footer":false,"footnotes":""},"class_list":["post-18","page","type-page","status-publish","hentry"],"_links":{"self":[{"href":"https:\/\/www.dergi.telakki.org\/en\/wp-json\/wp\/v2\/pages\/18","targetHints":{"allow":["GET"]}}],"collection":[{"href":"https:\/\/www.dergi.telakki.org\/en\/wp-json\/wp\/v2\/pages"}],"about":[{"href":"https:\/\/www.dergi.telakki.org\/en\/wp-json\/wp\/v2\/types\/page"}],"author":[{"embeddable":true,"href":"https:\/\/www.dergi.telakki.org\/en\/wp-json\/wp\/v2\/users\/1"}],"replies":[{"embeddable":true,"href":"https:\/\/www.dergi.telakki.org\/en\/wp-json\/wp\/v2\/comments?post=18"}],"version-history":[{"count":2,"href":"https:\/\/www.dergi.telakki.org\/en\/wp-json\/wp\/v2\/pages\/18\/revisions"}],"predecessor-version":[{"id":33,"href":"https:\/\/www.dergi.telakki.org\/en\/wp-json\/wp\/v2\/pages\/18\/revisions\/33"}],"wp:attachment":[{"href":"https:\/\/www.dergi.telakki.org\/en\/wp-json\/wp\/v2\/media?parent=18"}],"curies":[{"name":"wp","href":"https:\/\/api.w.org\/{rel}","templated":true}]}}