{"id":123,"date":"2025-10-07T21:25:52","date_gmt":"2025-10-07T21:25:52","guid":{"rendered":"https:\/\/www.dergi.telakki.org\/?page_id=123"},"modified":"2025-10-07T21:41:41","modified_gmt":"2025-10-07T21:41:41","slug":"123-2","status":"publish","type":"page","link":"https:\/\/www.dergi.telakki.org\/en\/123-2\/","title":{"rendered":"Dizinler ve Veritabanlar\u0131"},"content":{"rendered":"<p><strong>Tel\u00e2kki Sosyal Bilimler Dergisi<\/strong>, sosyal bilimler alan\u0131nda yay\u0131nlanan akademik \u00e7al\u0131\u015fmalar\u0131 ulusal ve uluslararas\u0131 \u00f6l\u00e7ekte eri\u015filebilir k\u0131lmay\u0131 ama\u00e7lamaktad\u0131r.<br>Bu do\u011frultuda dergimiz, farkl\u0131 indeks ve veri tabanlar\u0131nda taranmakta olup g\u00f6r\u00fcn\u00fcrl\u00fc\u011f\u00fcn\u00fc s\u00fcrekli olarak art\u0131rmay\u0131 hedeflemektedir.<\/p>\n\n\n\n<h2 class=\"wp-block-heading\"><strong>Uluslararas\u0131 Dizinler<\/strong><\/h2>\n\n\n\n<ul class=\"wp-block-list\">\n<li><strong>ERIH PLUS (European Reference Index for the Humanities and Social Sciences)<\/strong><br><a>https:\/\/kanalregister.hkdir.no\/publiseringskanaler\/erihplus\/<\/a><br><em>Avrupa Sosyal ve Be\u015feri Bilimler Referans \u0130ndeksi\u2019nde taranmaktad\u0131r.<\/em><\/li>\n\n\n\n<li><strong>IC Journals Master List (Index Copernicus International)<\/strong><br><a>https:\/\/journals.indexcopernicus.com\/<\/a><br><em>Polonya merkezli uluslararas\u0131 akademik dizinde yer almaktad\u0131r.<\/em><\/li>\n<\/ul>\n\n\n\n<h2 class=\"wp-block-heading\"><strong>Ulusal Dizinler<\/strong><\/h2>\n\n\n\n<ul class=\"wp-block-list\">\n<li><strong>ACAR Index<\/strong><br><a>https:\/\/acarindex.com\/<\/a><br><em>T\u00fcrkiye merkezli akademik dizin sisteminde taranmaktad\u0131r.<\/em><\/li>\n<\/ul>","protected":false},"excerpt":{"rendered":"<p>Tel\u00e2kki Sosyal Bilimler Dergisi, sosyal bilimler alan\u0131nda yay\u0131nlanan akademik \u00e7al\u0131\u015fmalar\u0131 ulusal ve uluslararas\u0131 \u00f6l\u00e7ekte eri\u015filebilir k\u0131lmay\u0131 ama\u00e7lamaktad\u0131r.Bu do\u011frultuda dergimiz, farkl\u0131 indeks ve veri tabanlar\u0131nda taranmakta olup g\u00f6r\u00fcn\u00fcrl\u00fc\u011f\u00fcn\u00fc s\u00fcrekli olarak art\u0131rmay\u0131 hedeflemektedir. Uluslararas\u0131 Dizinler Ulusal Dizinler<\/p>","protected":false},"author":1,"featured_media":0,"parent":0,"menu_order":0,"comment_status":"closed","ping_status":"closed","template":"","meta":{"_kad_post_transparent":"","_kad_post_title":"","_kad_post_layout":"","_kad_post_sidebar_id":"","_kad_post_content_style":"","_kad_post_vertical_padding":"","_kad_post_feature":"","_kad_post_feature_position":"","_kad_post_header":false,"_kad_post_footer":false,"footnotes":""},"class_list":["post-123","page","type-page","status-publish","hentry"],"_links":{"self":[{"href":"https:\/\/www.dergi.telakki.org\/en\/wp-json\/wp\/v2\/pages\/123","targetHints":{"allow":["GET"]}}],"collection":[{"href":"https:\/\/www.dergi.telakki.org\/en\/wp-json\/wp\/v2\/pages"}],"about":[{"href":"https:\/\/www.dergi.telakki.org\/en\/wp-json\/wp\/v2\/types\/page"}],"author":[{"embeddable":true,"href":"https:\/\/www.dergi.telakki.org\/en\/wp-json\/wp\/v2\/users\/1"}],"replies":[{"embeddable":true,"href":"https:\/\/www.dergi.telakki.org\/en\/wp-json\/wp\/v2\/comments?post=123"}],"version-history":[{"count":2,"href":"https:\/\/www.dergi.telakki.org\/en\/wp-json\/wp\/v2\/pages\/123\/revisions"}],"predecessor-version":[{"id":127,"href":"https:\/\/www.dergi.telakki.org\/en\/wp-json\/wp\/v2\/pages\/123\/revisions\/127"}],"wp:attachment":[{"href":"https:\/\/www.dergi.telakki.org\/en\/wp-json\/wp\/v2\/media?parent=123"}],"curies":[{"name":"wp","href":"https:\/\/api.w.org\/{rel}","templated":true}]}}