{"id":12,"date":"2022-07-26T15:13:04","date_gmt":"2022-07-26T15:13:04","guid":{"rendered":"http:\/\/www.dergi.telakki.org\/?page_id=12"},"modified":"2025-12-15T18:18:38","modified_gmt":"2025-12-15T18:18:38","slug":"yayin-kurulu","status":"publish","type":"page","link":"https:\/\/www.dergi.telakki.org\/en\/yayin-kurulu\/","title":{"rendered":"Yay\u0131n Kurulu"},"content":{"rendered":"<p class=\"has-large-font-size\"><strong>\u0130mtiyaz Sahibi<\/strong><\/p>\n\n\n\n<p>Telakki Sosyal Bilimler Derne\u011fi<\/p>\n\n\n\n<p class=\"has-large-font-size\"><strong>Ba\u015f Edit\u00f6r<\/strong><\/p>\n\n\n\n<p>Dr. Cihan G\u00fcne\u015f<\/p>\n\n\n\n<p class=\"has-large-font-size\"><strong>Edit\u00f6rler<\/strong><\/p>\n\n\n\n<p>Do\u00e7. Dr. Veysel Dinler<\/p>\n\n\n\n<p>Etem Yunus Akbay\u0131r<\/p>\n\n\n\n<p class=\"has-large-font-size\"><strong>Alan Edit\u00f6rleri<\/strong><\/p>\n\n\n\n<p><strong>Siyaset Bilimi<\/strong>: Dr. \u00d6\u011fretim \u00dcyesi Alihan Limoncuo\u011flu<\/p>\n\n\n\n<p><strong>Uluslaras\u0131 \u0130li\u015fkiler:<\/strong> Dr. \u00d6\u011fretim \u00dcyesi Hakan Sezgin Erkan<\/p>\n\n\n\n<p><strong>Tarih:<\/strong> Do\u00e7. Dr. Ay\u015fen M\u00fcderriso\u011flu<\/p>\n\n\n\n<p><strong>\u0130leti\u015fim:<\/strong> Do\u00e7. Dr. \u00d6zlem Akkaya<\/p>\n\n\n\n<p><strong>Antropoloji:<\/strong> Dr. Nazl\u0131 U\u00e7ar<\/p>\n\n\n\n<p><strong>Sosyoloji:<\/strong> Do\u00e7. Dr. Fazilet Ahu \u00d6zmen Akal\u0131n<\/p>\n\n\n\n<p><strong>Felsefe:<\/strong> Dr. \u00d6zg\u00fcr Taburo\u011flu<\/p>\n\n\n\n<p><strong>Hukuk:<\/strong> Dr. \u00d6\u011fretim \u00dcyesi Burcu De\u011firmencio\u011flu<\/p>\n\n\n\n<p class=\"has-large-font-size\"><strong>Dil ve Yaz\u0131m Edit\u00f6rleri<\/strong><\/p>\n\n\n\n<p><strong>T\u00fcrk\u00e7e:<\/strong> Ergin Akda\u011f<\/p>\n\n\n\n<p><strong>\u0130ngilizce:<\/strong> Beg\u00fcm \u00d6zbudakl\u0131<\/p>\n\n\n\n<p class=\"has-large-font-size\"><strong>Yay\u0131n Kurulu<\/strong><\/p>\n\n\n\n<p class=\"has-medium-font-size\"><\/p>\n\n\n\n<p>Prof. Dr. Fatmag\u00fcl Berktay<\/p>\n\n\n\n<p>Prof. Dr. Cengiz G\u00fcle\u00e7<\/p>\n\n\n\n<p>Prof. Dr. Din\u00e7 Yaylal\u0131er<\/p>\n\n\n\n<p>Prof. Dr. Sevin\u00e7 \u00dc\u00e7g\u00fcl<\/p>\n\n\n\n<p>Do\u00e7. Dr. Veysel Dinler<\/p>\n\n\n\n<p>Do\u00e7. Dr. Nail Elhan<\/p>\n\n\n\n<p>Do\u00e7. Dr. Akif Pamuk<\/p>\n\n\n\n<p>Do\u00e7. Dr. Fazilet Ahu \u00d6zmen Akal\u0131n<\/p>\n\n\n\n<p>Do\u00e7. Dr. Ay\u015fen M\u00fcderriso\u011flu<\/p>\n\n\n\n<p>Do\u00e7. Dr. Badeg\u00fcl Can Emir<\/p>\n\n\n\n<p>Do\u00e7. Dr. \u00d6zlem Akkaya<\/p>\n\n\n\n<p>Dr. \u00d6\u011fretim \u00dcyesi Sibel \u00c7al\u0131\u015fkan<\/p>\n\n\n\n<p>Dr. \u00d6\u011fretim \u00dcyesi Nurdan G\u00fcven Toker<\/p>\n\n\n\n<p>Dr. \u00d6\u011fretim \u00dcyesi Ay\u015fe Duygu Yavuz<\/p>\n\n\n\n<p>Dr. \u00d6\u011fretim \u00dcyesi Nihal Kalkan Ya\u011fc\u0131<\/p>\n\n\n\n<p>Dr. \u00d6\u011fretim \u00dcyesi P\u0131nar Akku\u015f<\/p>\n\n\n\n<p>Dr. \u00d6\u011fretim \u00dcyesi \u00d6zlem \u00d6zden Tunca<\/p>\n\n\n\n<p>Dr. \u00d6\u011fretim \u00dcyesi G\u00f6k\u00e7e \u00d6zk\u0131l\u0131\u00e7\u00e7\u0131<\/p>\n\n\n\n<p>Dr. \u00d6\u011fretim \u00dcyesi Murat Cankara<\/p>\n\n\n\n<p>Dr. \u00d6\u011fretim \u00dcyesi Duygu Oyluba\u015f Katfar<\/p>\n\n\n\n<p>Dr. \u00d6\u011fretim \u00dcyesi Alihan Limoncuo\u011flu<\/p>\n\n\n\n<p>Dr. \u00d6\u011fretim \u00dcyesi Burcu De\u011firmencio\u011flu<\/p>\n\n\n\n<p>Dr. \u00d6\u011fretim \u00dcyesi Hakan Sezgin Erkan<\/p>\n\n\n\n<p>Dr. \u00d6\u011fretim \u00dcyesi Onur Yamaner<\/p>\n\n\n\n<p>Dr. \u00d6zg\u00fcr Taburo\u011flu<\/p>\n\n\n\n<p>Dr. Cihan G\u00fcne\u015f<\/p>\n\n\n\n<p>Dr. Ay\u015feg\u00fcl Ta\u011fman<\/p>\n\n\n\n<p class=\"has-medium-font-size\"><\/p>","protected":false},"excerpt":{"rendered":"<p>\u0130mtiyaz Sahibi Telakki Sosyal Bilimler Derne\u011fi Ba\u015f Edit\u00f6r Dr. Cihan G\u00fcne\u015f Edit\u00f6rler Do\u00e7. Dr. Veysel Dinler Etem Yunus Akbay\u0131r Alan Edit\u00f6rleri Siyaset Bilimi: Dr. \u00d6\u011fretim \u00dcyesi Alihan Limoncuo\u011flu Uluslaras\u0131 \u0130li\u015fkiler: Dr. \u00d6\u011fretim \u00dcyesi Hakan Sezgin Erkan Tarih: Do\u00e7. Dr. Ay\u015fen M\u00fcderriso\u011flu \u0130leti\u015fim: Do\u00e7. Dr. \u00d6zlem Akkaya Antropoloji: Dr. Nazl\u0131 U\u00e7ar Sosyoloji: Do\u00e7. Dr. Fazilet Ahu&#8230;<\/p>","protected":false},"author":1,"featured_media":0,"parent":0,"menu_order":0,"comment_status":"closed","ping_status":"closed","template":"","meta":{"_kad_post_transparent":"","_kad_post_title":"","_kad_post_layout":"","_kad_post_sidebar_id":"","_kad_post_content_style":"","_kad_post_vertical_padding":"","_kad_post_feature":"","_kad_post_feature_position":"","_kad_post_header":false,"_kad_post_footer":false,"footnotes":""},"class_list":["post-12","page","type-page","status-publish","hentry"],"_links":{"self":[{"href":"https:\/\/www.dergi.telakki.org\/en\/wp-json\/wp\/v2\/pages\/12","targetHints":{"allow":["GET"]}}],"collection":[{"href":"https:\/\/www.dergi.telakki.org\/en\/wp-json\/wp\/v2\/pages"}],"about":[{"href":"https:\/\/www.dergi.telakki.org\/en\/wp-json\/wp\/v2\/types\/page"}],"author":[{"embeddable":true,"href":"https:\/\/www.dergi.telakki.org\/en\/wp-json\/wp\/v2\/users\/1"}],"replies":[{"embeddable":true,"href":"https:\/\/www.dergi.telakki.org\/en\/wp-json\/wp\/v2\/comments?post=12"}],"version-history":[{"count":7,"href":"https:\/\/www.dergi.telakki.org\/en\/wp-json\/wp\/v2\/pages\/12\/revisions"}],"predecessor-version":[{"id":150,"href":"https:\/\/www.dergi.telakki.org\/en\/wp-json\/wp\/v2\/pages\/12\/revisions\/150"}],"wp:attachment":[{"href":"https:\/\/www.dergi.telakki.org\/en\/wp-json\/wp\/v2\/media?parent=12"}],"curies":[{"name":"wp","href":"https:\/\/api.w.org\/{rel}","templated":true}]}}